{"id":5367,"date":"2025-05-20T10:36:40","date_gmt":"2025-05-20T09:36:40","guid":{"rendered":"https:\/\/ember.de\/proizvodi-2\/"},"modified":"2026-03-17T10:00:53","modified_gmt":"2026-03-17T09:00:53","slug":"proizvodi-2","status":"publish","type":"page","link":"https:\/\/ember.de\/fr\/proizvodi-2\/","title":{"rendered":"Produits"},"content":{"rendered":"<h3>La soci\u00e9t\u00e9 Ember propose des produits haut de gamme, notamment des chemin\u00e9es, des po\u00eales de cuisine et des barbecues de jardin \u00e0 bois.<\/h3>\n<p>Nos produits sont synonymes de qualit\u00e9 sup\u00e9rieure, de design moderne et de fonctionnalit\u00e9 exceptionnelle, r\u00e9pondant aux besoins des utilisateurs les plus exigeants.<\/p>\n","protected":false},"excerpt":{"rendered":"<p>La soci\u00e9t\u00e9 Ember propose des produits haut de gamme, notamment des chemin\u00e9es, des po\u00eales de cuisine et des barbecues de jardin \u00e0 bois. Nos produits sont synonymes de qualit\u00e9 sup\u00e9rieure, de design moderne et de fonctionnalit\u00e9 exceptionnelle, r\u00e9pondant aux besoins des utilisateurs les plus exigeants.<\/p>\n","protected":false},"author":1,"featured_media":4555,"parent":0,"menu_order":0,"comment_status":"closed","ping_status":"closed","template":"template-proizvodi.php","meta":{"_acf_changed":false,"footnotes":""},"class_list":["post-5367","page","type-page","status-publish","has-post-thumbnail","hentry"],"acf":[],"_links":{"self":[{"href":"https:\/\/ember.de\/fr\/wp-json\/wp\/v2\/pages\/5367","targetHints":{"allow":["GET"]}}],"collection":[{"href":"https:\/\/ember.de\/fr\/wp-json\/wp\/v2\/pages"}],"about":[{"href":"https:\/\/ember.de\/fr\/wp-json\/wp\/v2\/types\/page"}],"author":[{"embeddable":true,"href":"https:\/\/ember.de\/fr\/wp-json\/wp\/v2\/users\/1"}],"replies":[{"embeddable":true,"href":"https:\/\/ember.de\/fr\/wp-json\/wp\/v2\/comments?post=5367"}],"version-history":[{"count":5,"href":"https:\/\/ember.de\/fr\/wp-json\/wp\/v2\/pages\/5367\/revisions"}],"predecessor-version":[{"id":5591,"href":"https:\/\/ember.de\/fr\/wp-json\/wp\/v2\/pages\/5367\/revisions\/5591"}],"wp:featuredmedia":[{"embeddable":true,"href":"https:\/\/ember.de\/fr\/wp-json\/wp\/v2\/media\/4555"}],"wp:attachment":[{"href":"https:\/\/ember.de\/fr\/wp-json\/wp\/v2\/media?parent=5367"}],"curies":[{"name":"wp","href":"https:\/\/api.w.org\/{rel}","templated":true}]}}