{"id":5363,"date":"2024-05-13T10:27:05","date_gmt":"2024-05-13T09:27:05","guid":{"rendered":"https:\/\/ember.de\/a-propos-de-nous\/contact\/"},"modified":"2026-03-17T09:38:45","modified_gmt":"2026-03-17T08:38:45","slug":"contact","status":"publish","type":"page","link":"https:\/\/ember.de\/fr\/a-propos-de-nous\/contact\/","title":{"rendered":"Contact"},"content":{"rendered":"<p>Souhaitez-vous devenir repr\u00e9sentant ou distributeur de nos produits ?<br \/>\nVous recherchez un partenaire fiable pour cr\u00e9er des mod\u00e8les de chemin\u00e9es, de po\u00eales ou de barbecues de jardin \u00e0 bois selon votre design et sous votre marque ?<br \/>\nContactez-nous en toute confiance !<\/p>\n","protected":false},"excerpt":{"rendered":"<p>Souhaitez-vous devenir repr\u00e9sentant ou distributeur de nos produits ? Vous recherchez un partenaire fiable pour cr\u00e9er des mod\u00e8les de chemin\u00e9es, de po\u00eales ou de barbecues de jardin \u00e0 bois selon votre design et sous votre marque ? Contactez-nous en toute confiance !<\/p>\n","protected":false},"author":1,"featured_media":1849,"parent":5361,"menu_order":0,"comment_status":"closed","ping_status":"closed","template":"template-kontakt.php","meta":{"_acf_changed":false,"footnotes":""},"class_list":["post-5363","page","type-page","status-publish","has-post-thumbnail","hentry"],"acf":[],"_links":{"self":[{"href":"https:\/\/ember.de\/fr\/wp-json\/wp\/v2\/pages\/5363","targetHints":{"allow":["GET"]}}],"collection":[{"href":"https:\/\/ember.de\/fr\/wp-json\/wp\/v2\/pages"}],"about":[{"href":"https:\/\/ember.de\/fr\/wp-json\/wp\/v2\/types\/page"}],"author":[{"embeddable":true,"href":"https:\/\/ember.de\/fr\/wp-json\/wp\/v2\/users\/1"}],"replies":[{"embeddable":true,"href":"https:\/\/ember.de\/fr\/wp-json\/wp\/v2\/comments?post=5363"}],"version-history":[{"count":2,"href":"https:\/\/ember.de\/fr\/wp-json\/wp\/v2\/pages\/5363\/revisions"}],"predecessor-version":[{"id":5590,"href":"https:\/\/ember.de\/fr\/wp-json\/wp\/v2\/pages\/5363\/revisions\/5590"}],"up":[{"embeddable":true,"href":"https:\/\/ember.de\/fr\/wp-json\/wp\/v2\/pages\/5361"}],"wp:featuredmedia":[{"embeddable":true,"href":"https:\/\/ember.de\/fr\/wp-json\/wp\/v2\/media\/1849"}],"wp:attachment":[{"href":"https:\/\/ember.de\/fr\/wp-json\/wp\/v2\/media?parent=5363"}],"curies":[{"name":"wp","href":"https:\/\/api.w.org\/{rel}","templated":true}]}}